{"id":1902,"date":"2022-06-30T09:10:38","date_gmt":"2022-06-30T07:10:49","guid":{"rendered":"https:\/\/rdisseny.com\/?page_id=1902"},"modified":"2022-06-30T09:33:21","modified_gmt":"2022-06-30T07:33:21","slug":"videovigilancia","status":"publish","type":"page","link":"https:\/\/rdisseny.com\/es\/politica-privacidad\/videovigilancia\/","title":{"rendered":"Videovigilancia"},"content":{"rendered":"<!--themify_builder_content-->\n<div id=\"themify_builder_content-1902\" data-postid=\"1902\" class=\"themify_builder_content themify_builder_content-1902 themify_builder tf_clear\">\n                    <div  data-lazy=\"1\" class=\"module_row themify_builder_row tb_874a148 tb_first tf_w\">\n                        <div class=\"row_inner col_align_top tb_col_count_1 tf_box tf_rel\">\n                        <div  data-lazy=\"1\" class=\"module_column tb-column col-full tb_wahh149 first\">\n                    <!-- module text -->\n<div  class=\"module module-text tb_zsfv149   \" data-lazy=\"1\">\n        <div  class=\"tb_text_wrap\">\n        <h3>\u00bfQui\u00e9n es el Responsable del tratamiento de sus datos?<\/h3>\n<ul>\n<li>Identidad: R DISSENY S.L.<\/li>\n<li>CIF: B 58607094<\/li>\n<li>Dir. Postal: Pj. Bellavista, 32 \u2013 08203 \u2013 Sabadell<\/li>\n<li>Tel\u00e9fono: 937270115<\/li>\n<li>E-Mail: rgpd@rdisseny.com<\/li>\n<\/ul>\n<h3>\u00bfCon qu\u00e9 finalidad tratamos sus datos personales?<\/h3>\n<p>En R DISSENY S.L. tratamos sus datos con la finalidad de videovigilancia de nuestras instalaciones.<\/p>\n<h3>\u00bfDurante cu\u00e1nto tiempo conservaremos sus datos?<\/h3>\n<p>Las im\u00e1genes se conservar\u00e1n durante un mes.<\/p>\n<p>Decisiones automatizadas, perfiles y l\u00f3gica aplicada:<\/p>\n<p>No se toman decisiones Automatizadas.<\/p>\n<h3>\u00bfCu\u00e1l es la legitimaci\u00f3n para el tratamiento de sus datos?<\/h3>\n<p>La base legal para el tratamiento de sus datos es la obtenci\u00f3n de su consentimiento, en cuanto ha accedido a nuestras instalaciones despu\u00e9s de haber visto el cartel informativo acerca de la realizaci\u00f3n de tratamiento de videovigilancia.<\/p>\n<h3>\u00bfA qu\u00e9 destinatarios se comunicar\u00e1n sus datos?<\/h3>\n<p>No se comunicar\u00e1n los datos a terceros.<\/p>\n<p>En cualquier caso, en R DISSENY S.L. contamos con la colaboraci\u00f3n de terceros prestadores de servicios que en cada caso hemos podido contratar y que, para la prestaci\u00f3n del mencionado servicio, puede ser necesario que tienen acceso a los datos de car\u00e1cter personal, aunque los mismos ser\u00e1n tratados con todas las garant\u00edas legales exigibles, siguiendo nuestras instrucciones, y previa subscripci\u00f3n de un contrato de protecci\u00f3n de datos, donde exigimos, entre otras, tratar los datos exclusivamente para las finalidades pactadas, aplicar medidas t\u00e9cnicas y organizativas adecuadas, as\u00ed como suprimir y devolver los datos con la finalizaci\u00f3n del servicio.<\/p>\n<p>En R DISSENY S.L. seguimos unos criterios estrictos de selecci\u00f3n de terceros prestadores de servicios con la finalidad de dar cumplimiento a nuestras obligaciones en materia de protecci\u00f3n de datos.<\/p>\n<h3>\u00bfCu\u00e1les son los derechos cuando se facilitan sus datos?<\/h3>\n<p>Cualquier persona tiene derecho a obtener confirmaci\u00f3n sobre si en R DISSENY S.L. estamos tratando datos personales que le afecten o no.<\/p>\n<p>En cualquier caso, tiene:<\/p>\n<ul>\n<li>Derecho a solicitar acceso a sus datos personales.<\/li>\n<li>Derecho a solicitar su rectificaci\u00f3n.<\/li>\n<li>Derecho a solicitar a su supresi\u00f3n.<\/li>\n<li>Derecho a solicitar la limitaci\u00f3n del tratamiento<\/li>\n<li>Derecho a oponerse al tratamiento.<\/li>\n<li>Derecho a la portabilidad de los datos.<\/li>\n<li>Derecho a retirar el consentimiento prestado.<\/li>\n<li>Derecho de informaci\u00f3n.<\/li>\n<li>Derecho a oponerse a ser objeto de decisiones individuales automatizadas.<\/li>\n<\/ul>\n<p>Para ejercer sus derechos, dirija un escrito adjuntando copia de su DNI a:<\/p>\n<p style=\"text-align: center;\">R DISSENY S.L.<br>Ejercicio derecho, protecci\u00f3n de datos<br>Pj. Bellavista,32<br>08203 \u2013 Sabadell<\/p>\n<p>o bien, remita un e-mail a: rgpd@rdisseny.com<\/p>\n<p>Le informamos que puede dirigirse a la Agencia Espa\u00f1ola de Protecci\u00f3n de Datos (www.aepd.es) para obtener informaci\u00f3n adicional o para presentar una reclamaci\u00f3n, por ejemplo, si no ha obtenido satisfacci\u00f3n en el ejercicio de sus derechos.<\/p>    <\/div>\n<\/div>\n<!-- \/module text -->        <\/div>\n                        <\/div>\n        <\/div>\n        <\/div>\n<!--\/themify_builder_content-->","protected":false},"excerpt":{"rendered":"<p>\u00bfQui\u00e9n es el Responsable del tratamiento de sus datos? Identidad: R DISSENY S.L. CIF: B 58607094 Dir. Postal: Pj. Bellavista, 32 \u2013 08203 \u2013 Sabadell Tel\u00e9fono: 937270115 E-Mail: rgpd@rdisseny.com \u00bfCon qu\u00e9 finalidad tratamos sus datos personales? En R DISSENY S.L. tratamos sus datos con la finalidad de videovigilancia de nuestras instalaciones. \u00bfDurante cu\u00e1nto tiempo conservaremos [&hellip;]<\/p>\n","protected":false},"author":1,"featured_media":0,"parent":1179,"menu_order":4,"comment_status":"closed","ping_status":"closed","template":"","meta":{"footnotes":""},"class_list":["post-1902","page","type-page","status-publish","hentry","has-post-title","has-post-date","has-post-category","has-post-tag","has-post-comment","has-post-author",""],"builder_content":"<h3>\u00bfQui\u00e9n es el Responsable del tratamiento de sus datos?<\/h3> <ul> <li>Identidad: R DISSENY S.L.<\/li> <li>CIF: B 58607094<\/li> <li>Dir. Postal: Pj. Bellavista, 32 \u2013 08203 \u2013 Sabadell<\/li> <li>Tel\u00e9fono: 937270115<\/li> <li>E-Mail: rgpd@rdisseny.com<\/li> <\/ul> <h3>\u00bfCon qu\u00e9 finalidad tratamos sus datos personales?<\/h3> <p>En R DISSENY S.L. tratamos sus datos con la finalidad de videovigilancia de nuestras instalaciones.<\/p> <h3>\u00bfDurante cu\u00e1nto tiempo conservaremos sus datos?<\/h3> <p>Las im\u00e1genes se conservar\u00e1n durante un mes.<\/p> <p>Decisiones automatizadas, perfiles y l\u00f3gica aplicada:<\/p> <p>No se toman decisiones Automatizadas.<\/p> <h3>\u00bfCu\u00e1l es la legitimaci\u00f3n para el tratamiento de sus datos?<\/h3> <p>La base legal para el tratamiento de sus datos es la obtenci\u00f3n de su consentimiento, en cuanto ha accedido a nuestras instalaciones despu\u00e9s de haber visto el cartel informativo acerca de la realizaci\u00f3n de tratamiento de videovigilancia.<\/p> <h3>\u00bfA qu\u00e9 destinatarios se comunicar\u00e1n sus datos?<\/h3> <p>No se comunicar\u00e1n los datos a terceros.<\/p> <p>En cualquier caso, en R DISSENY S.L. contamos con la colaboraci\u00f3n de terceros prestadores de servicios que en cada caso hemos podido contratar y que, para la prestaci\u00f3n del mencionado servicio, puede ser necesario que tienen acceso a los datos de car\u00e1cter personal, aunque los mismos ser\u00e1n tratados con todas las garant\u00edas legales exigibles, siguiendo nuestras instrucciones, y previa subscripci\u00f3n de un contrato de protecci\u00f3n de datos, donde exigimos, entre otras, tratar los datos exclusivamente para las finalidades pactadas, aplicar medidas t\u00e9cnicas y organizativas adecuadas, as\u00ed como suprimir y devolver los datos con la finalizaci\u00f3n del servicio.<\/p> <p>En R DISSENY S.L. seguimos unos criterios estrictos de selecci\u00f3n de terceros prestadores de servicios con la finalidad de dar cumplimiento a nuestras obligaciones en materia de protecci\u00f3n de datos.<\/p> <h3>\u00bfCu\u00e1les son los derechos cuando se facilitan sus datos?<\/h3> <p>Cualquier persona tiene derecho a obtener confirmaci\u00f3n sobre si en R DISSENY S.L. estamos tratando datos personales que le afecten o no.<\/p> <p>En cualquier caso, tiene:<\/p> <ul> <li>Derecho a solicitar acceso a sus datos personales.<\/li> <li>Derecho a solicitar su rectificaci\u00f3n.<\/li> <li>Derecho a solicitar a su supresi\u00f3n.<\/li> <li>Derecho a solicitar la limitaci\u00f3n del tratamiento<\/li> <li>Derecho a oponerse al tratamiento.<\/li> <li>Derecho a la portabilidad de los datos.<\/li> <li>Derecho a retirar el consentimiento prestado.<\/li> <li>Derecho de informaci\u00f3n.<\/li> <li>Derecho a oponerse a ser objeto de decisiones individuales automatizadas.<\/li> <\/ul> <p>Para ejercer sus derechos, dirija un escrito adjuntando copia de su DNI a:<\/p> <p style=\"text-align: center;\">R DISSENY S.L.<br>Ejercicio derecho, protecci\u00f3n de datos<br>Pj. Bellavista,32<br>08203 \u2013 Sabadell<\/p> <p>o bien, remita un e-mail a: rgpd@rdisseny.com<\/p> <p>Le informamos que puede dirigirse a la Agencia Espa\u00f1ola de Protecci\u00f3n de Datos (www.aepd.es) para obtener informaci\u00f3n adicional o para presentar una reclamaci\u00f3n, por ejemplo, si no ha obtenido satisfacci\u00f3n en el ejercicio de sus derechos.<\/p>","_links":{"self":[{"href":"https:\/\/rdisseny.com\/es\/wp-json\/wp\/v2\/pages\/1902","targetHints":{"allow":["GET"]}}],"collection":[{"href":"https:\/\/rdisseny.com\/es\/wp-json\/wp\/v2\/pages"}],"about":[{"href":"https:\/\/rdisseny.com\/es\/wp-json\/wp\/v2\/types\/page"}],"author":[{"embeddable":true,"href":"https:\/\/rdisseny.com\/es\/wp-json\/wp\/v2\/users\/1"}],"replies":[{"embeddable":true,"href":"https:\/\/rdisseny.com\/es\/wp-json\/wp\/v2\/comments?post=1902"}],"version-history":[{"count":5,"href":"https:\/\/rdisseny.com\/es\/wp-json\/wp\/v2\/pages\/1902\/revisions"}],"predecessor-version":[{"id":1911,"href":"https:\/\/rdisseny.com\/es\/wp-json\/wp\/v2\/pages\/1902\/revisions\/1911"}],"up":[{"embeddable":true,"href":"https:\/\/rdisseny.com\/es\/wp-json\/wp\/v2\/pages\/1179"}],"wp:attachment":[{"href":"https:\/\/rdisseny.com\/es\/wp-json\/wp\/v2\/media?parent=1902"}],"curies":[{"name":"wp","href":"https:\/\/api.w.org\/{rel}","templated":true}]}}