{"id":1886,"date":"2022-06-03T10:42:27","date_gmt":"2022-06-03T08:42:27","guid":{"rendered":"https:\/\/rdisseny.com\/?page_id=1886"},"modified":"2022-12-05T19:06:38","modified_gmt":"2022-12-05T18:06:38","slug":"aviso-legal","status":"publish","type":"page","link":"https:\/\/rdisseny.com\/es\/aviso-legal\/","title":{"rendered":"Aviso legal"},"content":{"rendered":"<!--themify_builder_content-->\n<div id=\"themify_builder_content-1886\" data-postid=\"1886\" class=\"themify_builder_content themify_builder_content-1886 themify_builder tf_clear\">\n    <\/div>\n<!--\/themify_builder_content-->\n\n\n<ul class=\"wp-block-list\">\n<li>Identidad: R DISSENY S.L.<\/li>\n\n\n\n<li>CIF: &nbsp;B 58607094<\/li>\n\n\n\n<li>Dir. Postal: Pj. Bellaterra, &nbsp;n\u00ba 32 &#8211; 08203 \u2013 Sabadell<\/li>\n\n\n\n<li>Tel\u00e9fono: 937270115<\/li>\n\n\n\n<li>E-Mail: rgpd@rdisseny.com<\/li>\n<\/ul>\n\n\n\n<p>Inscrito el 19 de abril de 1989 en el tomo 10502, libro 551 de la secci\u00f3n 3a, folio 57, hoja n\u00famero 9779, inscripci\u00f3n 1a.\u00a0<\/p>\n\n\n\n<ul class=\"wp-block-list\">\n<li>N\u00famero 4.877<\/li>\n\n\n\n<li>Fecha: 15 de diciembre de 1988<\/li>\n\n\n\n<li>Registro mercantil de Barcelona<\/li>\n<\/ul>","protected":false},"excerpt":{"rendered":"<p>Inscrito el 19 de abril de 1989 en el tomo 10502, libro 551 de la secci\u00f3n 3a, folio 57, hoja n\u00famero 9779, inscripci\u00f3n 1a.\u00a0<\/p>\n","protected":false},"author":1,"featured_media":0,"parent":0,"menu_order":5,"comment_status":"closed","ping_status":"closed","template":"","meta":{"footnotes":""},"class_list":["post-1886","page","type-page","status-publish","hentry","has-post-title","has-post-date","has-post-category","has-post-tag","has-post-comment","has-post-author",""],"builder_content":"","_links":{"self":[{"href":"https:\/\/rdisseny.com\/es\/wp-json\/wp\/v2\/pages\/1886","targetHints":{"allow":["GET"]}}],"collection":[{"href":"https:\/\/rdisseny.com\/es\/wp-json\/wp\/v2\/pages"}],"about":[{"href":"https:\/\/rdisseny.com\/es\/wp-json\/wp\/v2\/types\/page"}],"author":[{"embeddable":true,"href":"https:\/\/rdisseny.com\/es\/wp-json\/wp\/v2\/users\/1"}],"replies":[{"embeddable":true,"href":"https:\/\/rdisseny.com\/es\/wp-json\/wp\/v2\/comments?post=1886"}],"version-history":[{"count":4,"href":"https:\/\/rdisseny.com\/es\/wp-json\/wp\/v2\/pages\/1886\/revisions"}],"predecessor-version":[{"id":1959,"href":"https:\/\/rdisseny.com\/es\/wp-json\/wp\/v2\/pages\/1886\/revisions\/1959"}],"wp:attachment":[{"href":"https:\/\/rdisseny.com\/es\/wp-json\/wp\/v2\/media?parent=1886"}],"curies":[{"name":"wp","href":"https:\/\/api.w.org\/{rel}","templated":true}]}}