{"id":1189,"date":"2019-09-25T13:15:31","date_gmt":"2019-09-25T11:15:31","guid":{"rendered":"https:\/\/rdisseny.com\/protecciondatos\/negocial\/"},"modified":"2022-06-03T10:47:54","modified_gmt":"2022-06-03T08:47:54","slug":"business","status":"publish","type":"page","link":"https:\/\/rdisseny.com\/es\/politica-privacidad\/business\/","title":{"rendered":"Comercial"},"content":{"rendered":"<!--themify_builder_content-->\n<div id=\"themify_builder_content-1189\" data-postid=\"1189\" class=\"themify_builder_content themify_builder_content-1189 themify_builder tf_clear\">\n                    <div  data-lazy=\"1\" class=\"module_row themify_builder_row tb_gt4g601 tb_first tf_w\">\n                        <div class=\"row_inner col_align_top tb_col_count_1 tf_box tf_rel\">\n                        <div  data-lazy=\"1\" class=\"module_column tb-column col-full tb_tadq602 first\">\n                    <!-- module text -->\n<div  class=\"module module-text tb_i3v3352   \" data-lazy=\"1\">\n        <div  class=\"tb_text_wrap\">\n        <h3>\u00bfQui\u00e9n es el Responsable del tratamiento de sus datos?<\/h3>\n<ul>\n<li><span style=\\\"font-weight: 400;\\\">Identidad: R DISSENY S.L. <\/span><\/li>\n<li><span style=\\\"font-weight: 400;\\\">CIF: \u00a0B 58607094<\/span><\/li>\n<li><span style=\\\"font-weight: 400;\\\">Dir. Postal: Pj. Bellaterra, \u00a0n\u00ba 32 &#8211; 08203 \u2013 Sabadell<\/span><\/li>\n<li><span style=\\\"font-weight: 400;\\\">Tel\u00e9fono: 937270115<\/span><\/li>\n<li><span style=\\\"font-weight: 400;\\\">E-Mail: rgpd@rdisseny.com<\/span><\/li>\n<\/ul>\n<h3>\u00bfCon qu\u00e9 finalidad tratamos sus datos personales?<\/h3>\n<p><span style=\\\"font-weight: 400;\\\">En R DISSENY S.L. tratamos la informaci\u00f3n que nos facilitan las personas interesadas con el fin de gestionar la relaci\u00f3n negocial que nos une, en todos sus \u00e1mbitos, desde la ejecuci\u00f3n del contrato de compraventa y\/o de prestaci\u00f3n de servicios y todo lo que lleva aparejado, al mantenimiento de contacto y env\u00edo de comunicaciones comerciales por v\u00eda electr\u00f3nica.<\/span><\/p>\n<h3>\u00bfPor cu\u00e1nto tiempo conservaremos sus datos?<\/h3>\n<p><span style=\\\"font-weight: 400;\\\">Los datos personales proporcionados se conservar\u00e1n mientras se mantenga nuestra relaci\u00f3n comercial y hasta cinco a\u00f1os desde la \u00faltima compraventa o finalizaci\u00f3n de servicio.<\/span><\/p>\n<h3>Decisiones automatizadas, perfiles y l\u00f3gica aplicada:<\/h3>\n<p><span style=\\\"font-weight: 400;\\\">La empresa NO tomar\u00e1 decisiones automatizadas.<\/span><\/p>\n<h3>\u00bfCu\u00e1l es la legitimaci\u00f3n para el tratamiento de sus datos?<\/h3>\n<p><span style=\\\"font-weight: 400;\\\">La base legal para el tratamiento de sus datos es por ser necesarios por la ejecuci\u00f3n de contrato de compraventa y\/o de prestaci\u00f3n de servicios, en la que usted es parte.<\/span><\/p>\n<p><span style=\\\"font-weight: 400;\\\">El tratamiento para realizarle comunicaciones comerciales por correo electr\u00f3nico u otro medio de comunicaci\u00f3n \u00a0electr\u00f3nica se realizar\u00e1n al amparo del art. 21.2 de la Ley 34\/2002 de servicios de la sociedad de la informaci\u00f3n y comercio electr\u00f3nico que nos permite remitirle comunicaciones comerciales similares o que guarden relaci\u00f3n con el producto o servicio adquirido originalmente, en tanto no manifieste su oposici\u00f3n a dichos env\u00edos (vea el apartado \\\u00bbDerechos\\\u00bb m\u00e1s abajo). <\/span><\/p>\n<h3>\u00bfA qu\u00e9 destinatarios se comunicar\u00e1n sus datos?<\/h3>\n<p><span style=\\\"font-weight: 400;\\\">Durante el periodo de duraci\u00f3n del tratamiento, R DISSENY S.L. no realizar\u00e1 ninguna cesi\u00f3n, salvo obligaci\u00f3n legal, ni tampoco transferencia alguna.<\/span><\/p>\n<p><span style=\\\"font-weight: 400;\\\">No obstante, en R DISSENY S.L. contaremos con la colaboraci\u00f3n de terceros prestadores de servicios que en cada caso hayamos podido contratar y que, para la prestaci\u00f3n de dicho servicio, puede ser necesario que tengan acceso a sus datos de car\u00e1cter personal, pero que los tratar\u00e1n con todas las garant\u00edas legales exigibles, siguiendo nuestras instrucciones y previa suscripci\u00f3n de un contrato de protecci\u00f3n de datos en las que exigimos, entre otras, tratar los datos exclusivamente para las finalidades pactadas, aplicar medidas t\u00e9cnicas y organizativas adecuadas, as\u00ed como suprimir y devolver los datos a la finalizaci\u00f3n del servicio.<\/span><\/p>\n<p><span style=\\\"font-weight: 400;\\\">En R DISSENY S.L. seguimos unos criterios estrictos de selecci\u00f3n de terceros prestadores de servicios con el fin de dar cumplimiento a nuestras obligaciones e materia de protecci\u00f3n de datos. <\/span><\/p>\n<h3>\u00bfCu\u00e1les son sus derechos cuando nos facilita sus datos?<\/h3>\n<p><span style=\\\"font-weight: 400;\\\">Cualquier persona tiene derecho a obtener confirmaci\u00f3n sobre si R DISSENY S.L. estamos tratando datos personales que le conciernan o no. <\/span><\/p>\n<p><span style=\\\"font-weight: 400;\\\">Asimismo, tiene:<\/span><\/p>\n<ul>\n<li><span style=\\\"font-weight: 400;\\\">Derecho a solicitar el acceso a sus datos personales.<\/span><\/li>\n<li><span style=\\\"font-weight: 400;\\\">Derecho a solicitar su rectificaci\u00f3n<\/span><\/li>\n<li><span style=\\\"font-weight: 400;\\\">Derecho a solicitar su supresi\u00f3n.<\/span><\/li>\n<li><span style=\\\"font-weight: 400;\\\">Derecho a solicitar la limitaci\u00f3n de su tratamiento.<\/span><\/li>\n<li><span style=\\\"font-weight: 400;\\\">Derecho a oponerse al tratamiento.<\/span><\/li>\n<li><span style=\\\"font-weight: 400;\\\">Derecho a la portabilidad de los datos.<\/span><\/li>\n<li><span style=\\\"font-weight: 400;\\\">Derecho a retirar el consentimiento prestado.<\/span><\/li>\n<li><span style=\\\"font-weight: 400;\\\">Derecho de informaci\u00f3n<\/span><\/li>\n<li><span style=\\\"font-weight: 400;\\\">Derecho a oponerse a ser objeto de decisiones individuales automatizadas<\/span><\/li>\n<\/ul>\n<p><span style=\\\"font-weight: 400;\\\">Para ejercer sus derechos, dirija un escrito adjuntando copia de su DNI a: <\/span><\/p>\n<ul>\n<li><span style=\\\"font-weight: 400;\\\">R DISSENY S.L.<\/span><\/li>\n<li><span style=\\\"font-weight: 400;\\\">Ejercicio derechos protecci\u00f3n de datos<\/span><\/li>\n<li><span style=\\\"font-weight: 400;\\\">Pj. Bellaterra, n\u00ba 32<\/span><\/li>\n<li><span style=\\\"font-weight: 400;\\\"> 08203 &#8211; Sabadell &#8211; BARCELONA<\/span><\/li>\n<\/ul>\n<p><span style=\\\"font-weight: 400;\\\">, o bien remita un email a: rgpd@rdisseny.com<\/span><\/p>\n<p><span style=\\\"font-weight: 400;\\\">Asimismo, le informamos que puede dirigirse a la Agencia Espa\u00f1ola de Protecci\u00f3n de Datos (www.agpd.es) para obtener informaci\u00f3n adicional o para presentar una reclamaci\u00f3n, por ejemplo, si no has obtenido satisfacci\u00f3n en el ejercicio de tus derechos.<\/span><\/p>    <\/div>\n<\/div>\n<!-- \/module text -->        <\/div>\n                        <\/div>\n        <\/div>\n        <\/div>\n<!--\/themify_builder_content-->","protected":false},"excerpt":{"rendered":"<p>\u00bfQui\u00e9n es el Responsable del tratamiento de sus datos? Identidad: R DISSENY S.L. CIF: \u00a0B 58607094 Dir. Postal: Pj. Bellaterra, \u00a0n\u00ba 32 &#8211; 08203 \u2013 Sabadell Tel\u00e9fono: 937270115 E-Mail: rgpd@rdisseny.com \u00bfCon qu\u00e9 finalidad tratamos sus datos personales? En R DISSENY S.L. tratamos la informaci\u00f3n que nos facilitan las personas interesadas con el fin de gestionar [&hellip;]<\/p>\n","protected":false},"author":1,"featured_media":0,"parent":1179,"menu_order":0,"comment_status":"closed","ping_status":"closed","template":"","meta":{"footnotes":""},"class_list":["post-1189","page","type-page","status-publish","hentry","has-post-title","has-post-date","has-post-category","has-post-tag","has-post-comment","has-post-author",""],"builder_content":"<h3>\u00bfQui\u00e9n es el Responsable del tratamiento de sus datos?<\/h3> <ul> <li>Identidad: R DISSENY S.L. <\/li> <li>CIF: \u00a0B 58607094<\/li> <li>Dir. Postal: Pj. Bellaterra, \u00a0n\u00ba 32 - 08203 \u2013 Sabadell<\/li> <li>Tel\u00e9fono: 937270115<\/li> <li>E-Mail: rgpd@rdisseny.com<\/li> <\/ul> <h3>\u00bfCon qu\u00e9 finalidad tratamos sus datos personales?<\/h3> <p>En R DISSENY S.L. tratamos la informaci\u00f3n que nos facilitan las personas interesadas con el fin de gestionar la relaci\u00f3n negocial que nos une, en todos sus \u00e1mbitos, desde la ejecuci\u00f3n del contrato de compraventa y\/o de prestaci\u00f3n de servicios y todo lo que lleva aparejado, al mantenimiento de contacto y env\u00edo de comunicaciones comerciales por v\u00eda electr\u00f3nica.<\/p> <h3>\u00bfPor cu\u00e1nto tiempo conservaremos sus datos?<\/h3> <p>Los datos personales proporcionados se conservar\u00e1n mientras se mantenga nuestra relaci\u00f3n comercial y hasta cinco a\u00f1os desde la \u00faltima compraventa o finalizaci\u00f3n de servicio.<\/p> <h3>Decisiones automatizadas, perfiles y l\u00f3gica aplicada:<\/h3> <p>La empresa NO tomar\u00e1 decisiones automatizadas.<\/p> <h3>\u00bfCu\u00e1l es la legitimaci\u00f3n para el tratamiento de sus datos?<\/h3> <p>La base legal para el tratamiento de sus datos es por ser necesarios por la ejecuci\u00f3n de contrato de compraventa y\/o de prestaci\u00f3n de servicios, en la que usted es parte.<\/p> <p>El tratamiento para realizarle comunicaciones comerciales por correo electr\u00f3nico u otro medio de comunicaci\u00f3n \u00a0electr\u00f3nica se realizar\u00e1n al amparo del art. 21.2 de la Ley 34\/2002 de servicios de la sociedad de la informaci\u00f3n y comercio electr\u00f3nico que nos permite remitirle comunicaciones comerciales similares o que guarden relaci\u00f3n con el producto o servicio adquirido originalmente, en tanto no manifieste su oposici\u00f3n a dichos env\u00edos (vea el apartado \\\"Derechos\\\" m\u00e1s abajo). <\/p> <h3>\u00bfA qu\u00e9 destinatarios se comunicar\u00e1n sus datos?<\/h3> <p>Durante el periodo de duraci\u00f3n del tratamiento, R DISSENY S.L. no realizar\u00e1 ninguna cesi\u00f3n, salvo obligaci\u00f3n legal, ni tampoco transferencia alguna.<\/p> <p>No obstante, en R DISSENY S.L. contaremos con la colaboraci\u00f3n de terceros prestadores de servicios que en cada caso hayamos podido contratar y que, para la prestaci\u00f3n de dicho servicio, puede ser necesario que tengan acceso a sus datos de car\u00e1cter personal, pero que los tratar\u00e1n con todas las garant\u00edas legales exigibles, siguiendo nuestras instrucciones y previa suscripci\u00f3n de un contrato de protecci\u00f3n de datos en las que exigimos, entre otras, tratar los datos exclusivamente para las finalidades pactadas, aplicar medidas t\u00e9cnicas y organizativas adecuadas, as\u00ed como suprimir y devolver los datos a la finalizaci\u00f3n del servicio.<\/p> <p>En R DISSENY S.L. seguimos unos criterios estrictos de selecci\u00f3n de terceros prestadores de servicios con el fin de dar cumplimiento a nuestras obligaciones e materia de protecci\u00f3n de datos. <\/p> <h3>\u00bfCu\u00e1les son sus derechos cuando nos facilita sus datos?<\/h3> <p>Cualquier persona tiene derecho a obtener confirmaci\u00f3n sobre si R DISSENY S.L. estamos tratando datos personales que le conciernan o no. <\/p> <p>Asimismo, tiene:<\/p> <ul> <li>Derecho a solicitar el acceso a sus datos personales.<\/li> <li>Derecho a solicitar su rectificaci\u00f3n<\/li> <li>Derecho a solicitar su supresi\u00f3n.<\/li> <li>Derecho a solicitar la limitaci\u00f3n de su tratamiento.<\/li> <li>Derecho a oponerse al tratamiento.<\/li> <li>Derecho a la portabilidad de los datos.<\/li> <li>Derecho a retirar el consentimiento prestado.<\/li> <li>Derecho de informaci\u00f3n<\/li> <li>Derecho a oponerse a ser objeto de decisiones individuales automatizadas<\/li> <\/ul> <p>Para ejercer sus derechos, dirija un escrito adjuntando copia de su DNI a: <\/p> <ul> <li>R DISSENY S.L.<\/li> <li>Ejercicio derechos protecci\u00f3n de datos<\/li> <li>Pj. Bellaterra, n\u00ba 32<\/li> <li> 08203 - Sabadell - BARCELONA<\/li> <\/ul> <p>, o bien remita un email a: rgpd@rdisseny.com<\/p> <p>Asimismo, le informamos que puede dirigirse a la Agencia Espa\u00f1ola de Protecci\u00f3n de Datos (www.agpd.es) para obtener informaci\u00f3n adicional o para presentar una reclamaci\u00f3n, por ejemplo, si no has obtenido satisfacci\u00f3n en el ejercicio de tus derechos.<\/p>","_links":{"self":[{"href":"https:\/\/rdisseny.com\/es\/wp-json\/wp\/v2\/pages\/1189","targetHints":{"allow":["GET"]}}],"collection":[{"href":"https:\/\/rdisseny.com\/es\/wp-json\/wp\/v2\/pages"}],"about":[{"href":"https:\/\/rdisseny.com\/es\/wp-json\/wp\/v2\/types\/page"}],"author":[{"embeddable":true,"href":"https:\/\/rdisseny.com\/es\/wp-json\/wp\/v2\/users\/1"}],"replies":[{"embeddable":true,"href":"https:\/\/rdisseny.com\/es\/wp-json\/wp\/v2\/comments?post=1189"}],"version-history":[{"count":4,"href":"https:\/\/rdisseny.com\/es\/wp-json\/wp\/v2\/pages\/1189\/revisions"}],"predecessor-version":[{"id":1898,"href":"https:\/\/rdisseny.com\/es\/wp-json\/wp\/v2\/pages\/1189\/revisions\/1898"}],"up":[{"embeddable":true,"href":"https:\/\/rdisseny.com\/es\/wp-json\/wp\/v2\/pages\/1179"}],"wp:attachment":[{"href":"https:\/\/rdisseny.com\/es\/wp-json\/wp\/v2\/media?parent=1189"}],"curies":[{"name":"wp","href":"https:\/\/api.w.org\/{rel}","templated":true}]}}