{"id":1188,"date":"2019-09-25T13:15:50","date_gmt":"2019-09-25T11:15:50","guid":{"rendered":"https:\/\/rdisseny.com\/protecciondatos\/empleados\/"},"modified":"2022-11-10T20:48:56","modified_gmt":"2022-11-10T19:48:56","slug":"employees","status":"publish","type":"page","link":"https:\/\/rdisseny.com\/es\/politica-privacidad\/employees\/","title":{"rendered":"Empleados"},"content":{"rendered":"<!--themify_builder_content-->\n<div id=\"themify_builder_content-1188\" data-postid=\"1188\" class=\"themify_builder_content themify_builder_content-1188 themify_builder tf_clear\">\n                    <div  data-lazy=\"1\" class=\"module_row themify_builder_row tb_gqzx899 tb_first tf_w\">\n                        <div class=\"row_inner col_align_top tb_col_count_1 tf_box tf_rel\">\n                        <div  data-lazy=\"1\" class=\"module_column tb-column col-full tb_a337901 first\">\n                    <!-- module text -->\n<div  class=\"module module-text tb_mwgr649   \" data-lazy=\"1\">\n        <div  class=\"tb_text_wrap\">\n        <h3>\u00bfQui\u00e9n es el Responsable del tratamiento de sus datos?<\/h3>\n<ul>\n<li>Identidad: R DISSENY S.L.<\/li>\n<li>CIF: B 58607094<\/li>\n<li>Dir. Postal: Pj. Bellaterra, n\u00ba 32 &#8211; 08203 \u2013 Sabadell<\/li>\n<li>Tel\u00e9fono: 937270115<\/li>\n<li>E-Mail: rgpd@rdisseny.com<\/li>\n<\/ul>\n<h3>\u00bfCon qu\u00e9 finalidad tratamos sus datos personales?<\/h3>\n<p>En R DISSENY S.L. tratamos la informaci\u00f3n facilitada con el fin de gestionar la relaci\u00f3n laboral con los empleados de la compa\u00f1\u00eda en todos sus aspectos de mantenimiento, desarrollo y control: Desde la realizaci\u00f3n de todos los tr\u00e1mites necesarios como contratos, n\u00f3minas, \u00a0declaraciones fiscales, prevenci\u00f3n de riesgos laborales, la gesti\u00f3n y organizaci\u00f3n de viajes y desplazamientos por motivos de trabajo, la gesti\u00f3n de acciones formativas de acuerdo al plan de formaci\u00f3n de la compa\u00f1\u00eda para empleados, etc &#8230; a todo lo relacionado con el control y verificaci\u00f3n del cumplimiento de las obligaciones y deberes laborales, como control de presencia y acceso a las instalaciones mediante uso de datos biom\u00e9tricos, evaluaci\u00f3n del desempe\u00f1o, control del uso de los medios y herramientas inform\u00e1ticas puestas a disposici\u00f3n de los empleados para el desarrollo de su labor laboral, como el acceso internet, el correo electr\u00f3nico, etc &#8230;<\/p>\n<h3>\u00bfPor cu\u00e1nto tiempo conservaremos sus datos?<\/h3>\n<p>Los datos personales proporcionados se conservar\u00e1n mientras se mantenga nuestra relaci\u00f3n laboral, a salvo los plazos legales de conservaci\u00f3n.<\/p>\n<h3>Decisiones automatizadas, perfiles y l\u00f3gica aplicada:<\/h3>\n<p>La empresa NO tomar\u00e1 decisiones automatizadas.<\/p>\n<h3>\u00bfCu\u00e1l es la legitimaci\u00f3n para el tratamiento de sus datos?<\/h3>\n<p>La base legal para el tratamiento de sus datos es por ser necesarios por la ejecuci\u00f3n de contrato laboral, en la que usted es parte.<\/p>\n<h3>\u00bfA qu\u00e9 destinatarios se comunicar\u00e1n sus datos?<\/h3>\n<p>Durante el periodo de duraci\u00f3n del tratamiento, R DISSENY S.L. comunicar\u00e1 sus datos a la Seguridad Social y a la Agencia Tributaria, por obligaci\u00f3n legal, as\u00ed como a entidades bancarias para la domiciliaci\u00f3n y pago de n\u00f3minas.<\/p>\n<p>Se comunicar\u00e1n asimismo a clientes cuando sea necesario para el desempe\u00f1o de su trabajo, como por ejemplo, cuando \u00e9ste deba realizarse en instalaciones del cliente y \u00e9ste requiera las garant\u00edas necesarias para su identificaci\u00f3n y verificaci\u00f3n de cumplimiento de todas las obligaciones laborales.<\/p>\n<p>Igualmente, sus datos podr\u00e1n ser comunicados a otras empresas del grupo y participadas, para temas organizativos y de pol\u00edtica de personal del grupo, as\u00ed como para todos los aspectos relacionados con la correcta organizaci\u00f3n, gesti\u00f3n y log\u00edstica en el desempe\u00f1o del puesto de trabajo y en la prestaci\u00f3n de nuestros servicios.<\/p>\n<p>Asimismo, en R DISSENY S.L. contaremos con la colaboraci\u00f3n de terceros prestadores de servicios que en cada caso hayamos podido contratar y que, para la prestaci\u00f3n de dicho servicio, puede ser necesario que tengan acceso a sus datos de car\u00e1cter personal, pero que los tratar\u00e1n con todas las garant\u00edas legales exigibles, siguiendo nuestras instrucciones y previa suscripci\u00f3n de un contrato de protecci\u00f3n de datos en las que exigimos, entre otras, tratar los datos exclusivamente para las finalidades pactadas, aplicar medidas t\u00e9cnicas y organizativas adecuadas, as\u00ed como suprimir y devolver los datos a la finalizaci\u00f3n del servicio.<\/p>\n<p>En R DISSENY S.L. seguimos unos criterios estrictos de selecci\u00f3n de terceros prestadores de servicios con el fin de dar cumplimiento a nuestras obligaciones e materia de protecci\u00f3n de datos.<\/p>\n<p>\u00bfCu\u00e1les son sus derechos cuando nos facilita sus datos?<\/p>\n<p>Cualquier persona tiene derecho a obtener confirmaci\u00f3n sobre si R DISSENY S.L. estamos tratando datos personales que le conciernan o no.<\/p>\n<h3>Asimismo, tiene:<\/h3>\n<ul>\n<li>Derecho a solicitar el acceso a sus datos personales.<\/li>\n<li>Derecho a solicitar su rectificaci\u00f3n<\/li>\n<li>Derecho a solicitar su supresi\u00f3n.<\/li>\n<li>Derecho a solicitar la limitaci\u00f3n de su tratamiento.<\/li>\n<li>Derecho a oponerse al tratamiento.<\/li>\n<li>Derecho a la portabilidad de los datos.<\/li>\n<li>Derecho a retirar el consentimiento prestado.<\/li>\n<li>Derecho de informaci\u00f3n<\/li>\n<li>Derecho a oponerse a ser objeto de decisiones individuales automatizadas<\/li>\n<\/ul>\n<p>Para ejercer sus derechos, dirija un escrito adjuntando copia de su DNI a:<\/p>\n<ul>\n<li>R DISSENY S.L.<\/li>\n<li>Ejercicio derechos protecci\u00f3n de datos<\/li>\n<li>Pj. Bellaterra, \u00a0n\u00ba 32<\/li>\n<li>08203 &#8211; Sabadell &#8211; BARCELONA<\/li>\n<\/ul>\n<p>o bien remita un email a: rgpd@rdisseny.com<\/p>\n<p>Asimismo, le informamos que puede dirigirse a la Agencia Espa\u00f1ola de Protecci\u00f3n de Datos (www.agpd.es) para obtener informaci\u00f3n adicional o para presentar una reclamaci\u00f3n, por ejemplo, si no has obtenido satisfacci\u00f3n en el ejercicio de tus derechos.<\/p>    <\/div>\n<\/div>\n<!-- \/module text -->        <\/div>\n                        <\/div>\n        <\/div>\n        <\/div>\n<!--\/themify_builder_content-->","protected":false},"excerpt":{"rendered":"<p>\u00bfQui\u00e9n es el Responsable del tratamiento de sus datos? Identidad: R DISSENY S.L. CIF: B 58607094 Dir. Postal: Pj. Bellaterra, n\u00ba 32 &#8211; 08203 \u2013 Sabadell Tel\u00e9fono: 937270115 E-Mail: rgpd@rdisseny.com \u00bfCon qu\u00e9 finalidad tratamos sus datos personales? En R DISSENY S.L. tratamos la informaci\u00f3n facilitada con el fin de gestionar la relaci\u00f3n laboral con los [&hellip;]<\/p>\n","protected":false},"author":1,"featured_media":1098,"parent":1179,"menu_order":1,"comment_status":"closed","ping_status":"closed","template":"","meta":{"footnotes":""},"class_list":["post-1188","page","type-page","status-publish","has-post-thumbnail","hentry","has-post-title","has-post-date","has-post-category","has-post-tag","has-post-comment","has-post-author",""],"builder_content":"<h3>\u00bfQui\u00e9n es el Responsable del tratamiento de sus datos?<\/h3> <ul> <li>Identidad: R DISSENY S.L.<\/li> <li>CIF: B 58607094<\/li> <li>Dir. Postal: Pj. Bellaterra, n\u00ba 32 - 08203 \u2013 Sabadell<\/li> <li>Tel\u00e9fono: 937270115<\/li> <li>E-Mail: rgpd@rdisseny.com<\/li> <\/ul> <h3>\u00bfCon qu\u00e9 finalidad tratamos sus datos personales?<\/h3> <p>En R DISSENY S.L. tratamos la informaci\u00f3n facilitada con el fin de gestionar la relaci\u00f3n laboral con los empleados de la compa\u00f1\u00eda en todos sus aspectos de mantenimiento, desarrollo y control: Desde la realizaci\u00f3n de todos los tr\u00e1mites necesarios como contratos, n\u00f3minas, \u00a0declaraciones fiscales, prevenci\u00f3n de riesgos laborales, la gesti\u00f3n y organizaci\u00f3n de viajes y desplazamientos por motivos de trabajo, la gesti\u00f3n de acciones formativas de acuerdo al plan de formaci\u00f3n de la compa\u00f1\u00eda para empleados, etc ... a todo lo relacionado con el control y verificaci\u00f3n del cumplimiento de las obligaciones y deberes laborales, como control de presencia y acceso a las instalaciones mediante uso de datos biom\u00e9tricos, evaluaci\u00f3n del desempe\u00f1o, control del uso de los medios y herramientas inform\u00e1ticas puestas a disposici\u00f3n de los empleados para el desarrollo de su labor laboral, como el acceso internet, el correo electr\u00f3nico, etc ...<\/p> <h3>\u00bfPor cu\u00e1nto tiempo conservaremos sus datos?<\/h3> <p>Los datos personales proporcionados se conservar\u00e1n mientras se mantenga nuestra relaci\u00f3n laboral, a salvo los plazos legales de conservaci\u00f3n.<\/p> <h3>Decisiones automatizadas, perfiles y l\u00f3gica aplicada:<\/h3> <p>La empresa NO tomar\u00e1 decisiones automatizadas.<\/p> <h3>\u00bfCu\u00e1l es la legitimaci\u00f3n para el tratamiento de sus datos?<\/h3> <p>La base legal para el tratamiento de sus datos es por ser necesarios por la ejecuci\u00f3n de contrato laboral, en la que usted es parte.<\/p> <h3>\u00bfA qu\u00e9 destinatarios se comunicar\u00e1n sus datos?<\/h3> <p>Durante el periodo de duraci\u00f3n del tratamiento, R DISSENY S.L. comunicar\u00e1 sus datos a la Seguridad Social y a la Agencia Tributaria, por obligaci\u00f3n legal, as\u00ed como a entidades bancarias para la domiciliaci\u00f3n y pago de n\u00f3minas.<\/p> <p>Se comunicar\u00e1n asimismo a clientes cuando sea necesario para el desempe\u00f1o de su trabajo, como por ejemplo, cuando \u00e9ste deba realizarse en instalaciones del cliente y \u00e9ste requiera las garant\u00edas necesarias para su identificaci\u00f3n y verificaci\u00f3n de cumplimiento de todas las obligaciones laborales.<\/p> <p>Igualmente, sus datos podr\u00e1n ser comunicados a otras empresas del grupo y participadas, para temas organizativos y de pol\u00edtica de personal del grupo, as\u00ed como para todos los aspectos relacionados con la correcta organizaci\u00f3n, gesti\u00f3n y log\u00edstica en el desempe\u00f1o del puesto de trabajo y en la prestaci\u00f3n de nuestros servicios.<\/p> <p>Asimismo, en R DISSENY S.L. contaremos con la colaboraci\u00f3n de terceros prestadores de servicios que en cada caso hayamos podido contratar y que, para la prestaci\u00f3n de dicho servicio, puede ser necesario que tengan acceso a sus datos de car\u00e1cter personal, pero que los tratar\u00e1n con todas las garant\u00edas legales exigibles, siguiendo nuestras instrucciones y previa suscripci\u00f3n de un contrato de protecci\u00f3n de datos en las que exigimos, entre otras, tratar los datos exclusivamente para las finalidades pactadas, aplicar medidas t\u00e9cnicas y organizativas adecuadas, as\u00ed como suprimir y devolver los datos a la finalizaci\u00f3n del servicio.<\/p> <p>En R DISSENY S.L. seguimos unos criterios estrictos de selecci\u00f3n de terceros prestadores de servicios con el fin de dar cumplimiento a nuestras obligaciones e materia de protecci\u00f3n de datos.<\/p> <p>\u00bfCu\u00e1les son sus derechos cuando nos facilita sus datos?<\/p> <p>Cualquier persona tiene derecho a obtener confirmaci\u00f3n sobre si R DISSENY S.L. estamos tratando datos personales que le conciernan o no.<\/p> <h3>Asimismo, tiene:<\/h3> <ul> <li>Derecho a solicitar el acceso a sus datos personales.<\/li> <li>Derecho a solicitar su rectificaci\u00f3n<\/li> <li>Derecho a solicitar su supresi\u00f3n.<\/li> <li>Derecho a solicitar la limitaci\u00f3n de su tratamiento.<\/li> <li>Derecho a oponerse al tratamiento.<\/li> <li>Derecho a la portabilidad de los datos.<\/li> <li>Derecho a retirar el consentimiento prestado.<\/li> <li>Derecho de informaci\u00f3n<\/li> <li>Derecho a oponerse a ser objeto de decisiones individuales automatizadas<\/li> <\/ul> <p>Para ejercer sus derechos, dirija un escrito adjuntando copia de su DNI a:<\/p> <ul> <li>R DISSENY S.L.<\/li> <li>Ejercicio derechos protecci\u00f3n de datos<\/li> <li>Pj. Bellaterra, \u00a0n\u00ba 32<\/li> <li>08203 - Sabadell - BARCELONA<\/li> <\/ul> <p>o bien remita un email a: rgpd@rdisseny.com<\/p> <p>Asimismo, le informamos que puede dirigirse a la Agencia Espa\u00f1ola de Protecci\u00f3n de Datos (www.agpd.es) para obtener informaci\u00f3n adicional o para presentar una reclamaci\u00f3n, por ejemplo, si no has obtenido satisfacci\u00f3n en el ejercicio de tus derechos.<\/p>","_links":{"self":[{"href":"https:\/\/rdisseny.com\/es\/wp-json\/wp\/v2\/pages\/1188","targetHints":{"allow":["GET"]}}],"collection":[{"href":"https:\/\/rdisseny.com\/es\/wp-json\/wp\/v2\/pages"}],"about":[{"href":"https:\/\/rdisseny.com\/es\/wp-json\/wp\/v2\/types\/page"}],"author":[{"embeddable":true,"href":"https:\/\/rdisseny.com\/es\/wp-json\/wp\/v2\/users\/1"}],"replies":[{"embeddable":true,"href":"https:\/\/rdisseny.com\/es\/wp-json\/wp\/v2\/comments?post=1188"}],"version-history":[{"count":6,"href":"https:\/\/rdisseny.com\/es\/wp-json\/wp\/v2\/pages\/1188\/revisions"}],"predecessor-version":[{"id":1938,"href":"https:\/\/rdisseny.com\/es\/wp-json\/wp\/v2\/pages\/1188\/revisions\/1938"}],"up":[{"embeddable":true,"href":"https:\/\/rdisseny.com\/es\/wp-json\/wp\/v2\/pages\/1179"}],"wp:featuredmedia":[{"embeddable":true,"href":"https:\/\/rdisseny.com\/es\/wp-json\/wp\/v2\/media\/1098"}],"wp:attachment":[{"href":"https:\/\/rdisseny.com\/es\/wp-json\/wp\/v2\/media?parent=1188"}],"curies":[{"name":"wp","href":"https:\/\/api.w.org\/{rel}","templated":true}]}}