{"id":1187,"date":"2019-09-25T13:16:07","date_gmt":"2019-09-25T11:16:07","guid":{"rendered":"https:\/\/rdisseny.com\/protecciondatos\/contactos\/"},"modified":"2022-06-03T10:47:18","modified_gmt":"2022-06-03T08:47:18","slug":"contacts","status":"publish","type":"page","link":"https:\/\/rdisseny.com\/es\/politica-privacidad\/contacts\/","title":{"rendered":"Contactos"},"content":{"rendered":"<!--themify_builder_content-->\n<div id=\"themify_builder_content-1187\" data-postid=\"1187\" class=\"themify_builder_content themify_builder_content-1187 themify_builder tf_clear\">\n                    <div  data-lazy=\"1\" class=\"module_row themify_builder_row tb_gq1d980 tb_first tf_w\">\n                        <div class=\"row_inner col_align_top tb_col_count_1 tf_box tf_rel\">\n                        <div  data-lazy=\"1\" class=\"module_column tb-column col-full tb_on8f981 first\">\n                    <!-- module text -->\n<div  class=\"module module-text tb_4fwe407   \" data-lazy=\"1\">\n        <div  class=\"tb_text_wrap\">\n        <h3>\u00bfQui\u00e9n es el Responsable del tratamiento de sus datos?<\/h3>\n<ul>\n<li>Identidad: R DISSENY S.L.<\/li>\n<li>CIF: B 58607094<\/li>\n<li>Dir. Postal: Pj. Bellaterra, \u00a0n\u00ba 32 &#8211; 08203 \u2013 Sabadell<\/li>\n<li>Tel\u00e9fono: 937270115<\/li>\n<li>E-Mail: rgpd@rdisseny.com<\/li>\n<\/ul>\n<h3>\u00bfCon qu\u00e9 finalidad tratamos sus datos personales?<\/h3>\n<p>En R DISSENY S.L. tratamos sus datos con la finalidad principal de mantener nuestra agenda de contactos,<\/p>\n<ol type=\\\"a\\\">\n<li>Como persona de contacto para mantener relaciones con la entidad jur\u00eddica u organizaci\u00f3n en la que usted presta sus servicios.<\/li>\n<li>Como interesado que se ha puesto en contacto con nosotros consult\u00e1ndonos o solicit\u00e1ndonos alguna informaci\u00f3n, para poder atenderle<\/li>\n<li>Como persona de contacto para mantener relaciones directamente.<\/li>\n<\/ol>\n<p>Como finalidad adicional, en caso de que se le hubiera solicitado autorizaci\u00f3n y nos la hubiera concedido, trataremos sus datos para el env\u00edo de comunicaciones comerciales.<\/p>\n<h3>\u00bfPor cu\u00e1nto tiempo conservaremos sus datos?<\/h3>\n<p>Los datos personales proporcionados se conservar\u00e1n en la finalidad principal:<\/p>\n<ol type=\\\"a\\\">\n<li>En caso de tratarse de una persona de contacto para mantener relaciones con la entidad jur\u00eddica u organizaci\u00f3n en la que usted presta sus servicios, se conservar\u00e1n mientras se mantenga nuestra relaci\u00f3n con dicha entidad jur\u00eddica u organizaci\u00f3n, y a salvo los plazos legales por las responsabilidades legales que pudieran derivarse de la relaci\u00f3n con la entidad jur\u00eddica u organizaci\u00f3n.<\/li>\n<li>En caso de interesado puesto en contacto con nosotros, hasta 6 meses despu\u00e9s de atender su requerimiento, por si se produjeran por su parte comunicaciones posteriores en referencia a dicha consulta o requerimiento de informaci\u00f3n.<\/li>\n<li>En caso de persona de contacto para mantener relaciones directamente, se conservar\u00e1n en tanto se mantenga la relaci\u00f3n y a salvo los plazos legales de conservaci\u00f3n.<\/li>\n<\/ol>\n<p>En la finalidad adicional de env\u00edo de comunicaciones comerciales, conservaremos sus datos en tanto no nos manifieste su oposici\u00f3n a continuar recibiendo nuestras comunicaciones.<\/p>\n<h3>Decisiones automatizadas, perfiles y l\u00f3gica aplicada:<\/h3>\n<p>La empresa NO tomar\u00e1 decisiones automatizadas.<\/p>\n<h3>\u00bfCu\u00e1l es la legitimaci\u00f3n para el tratamiento de sus datos?<\/h3>\n<p>La base legal para el tratamiento de sus datos en la finalidad principal de mantenimiento de agenda de contactos es<\/p>\n<ol type=\\\"a\\\">\n<li>En caso de tratarse de una persona de contacto para mantener relaciones con la entidad jur\u00eddica u organizaci\u00f3n en la que usted presta sus servicios, es la satisfacci\u00f3n del inter\u00e9s leg\u00edtimo del responsable, de acuerdo a lo establecido en el art. 6.1.f del RGPD<\/li>\n<li>En caso de interesado puesto en contacto con nosotros, la base legal es la obtenci\u00f3n de su consentimiento.<\/li>\n<li>En caso de persona de contacto para mantener relaciones directamente, es la satisfacci\u00f3n del inter\u00e9s leg\u00edtimo del responsable, de acuerdo a lo establecido en el art. 6.1.f del RGPD.<\/li>\n<\/ol>\n<p>En la finalidad adicional de env\u00edo de comunicaciones comerciales, la base legal para el tratamiento de sus datos es la obtenci\u00f3n de su consentimiento.<\/p>\n<h3>\u00bfA qu\u00e9 destinatarios se comunicar\u00e1n sus datos?<\/h3>\n<p>Durante el periodo de duraci\u00f3n del tratamiento, R DISSENY S.L. no comunicar\u00e1 sus datos a terceros.<\/p>\n<p>En R DISSENY S.L. contaremos con la colaboraci\u00f3n de terceros prestadores de servicios que en cada caso hayamos podido contratar y que, para la prestaci\u00f3n de dicho servicio, puede ser necesario que tengan acceso a sus datos de car\u00e1cter personal, pero que los tratar\u00e1n con todas las garant\u00edas legales exigibles, siguiendo nuestras instrucciones y previa suscripci\u00f3n de un contrato de protecci\u00f3n de datos en las que exigimos, entre otras, tratar los datos exclusivamente para las finalidades pactadas, aplicar medidas t\u00e9cnicas y organizativas adecuadas, as\u00ed como suprimir y devolver los datos a la finalizaci\u00f3n del servicio.<\/p>\n<p>En R DISSENY S.L. seguimos unos criterios estrictos de selecci\u00f3n de terceros prestadores de servicios con el fin de dar cumplimiento a nuestras obligaciones e materia de protecci\u00f3n de datos.<\/p>\n<h3>\u00bfCu\u00e1les son sus derechos cuando nos facilita sus datos?<\/h3>\n<p>Cualquier persona tiene derecho a obtener confirmaci\u00f3n sobre si R DISSENY S.L. estamos tratando datos personales que le conciernan o<\/p>\n<p>Asimismo, tiene:<\/p>\n<ul>\n<li>Derecho a solicitar el acceso a sus datos personales.<\/li>\n<li>Derecho a solicitar su rectificaci\u00f3n<\/li>\n<li>Derecho a solicitar su supresi\u00f3n.<\/li>\n<li>Derecho a solicitar la limitaci\u00f3n de su tratamiento.<\/li>\n<li>Derecho a oponerse al tratamiento.<\/li>\n<li>Derecho a la portabilidad de los datos.<\/li>\n<li>Derecho a retirar el consentimiento prestado.<\/li>\n<li>Derecho de informaci\u00f3n<\/li>\n<li>Derecho a oponerse a ser objeto de decisiones individuales automatizadas<\/li>\n<\/ul>\n<p>Para ejercer sus derechos, dirija un escrito adjuntando copia de su DNI a:<\/p>\n<ul>\n<li>R DISSENY S.L.<\/li>\n<li>Ejercicio derechos protecci\u00f3n de datos<\/li>\n<li>Pj. Bellaterra, \u00a0n\u00ba 32<\/li>\n<li>\u00a008203 &#8211; Sabadell &#8211; BARCELONA<\/li>\n<\/ul>\n<p>, o bien remita un email a: rgpdl@rdisseny.com<\/p>\n<p>Asimismo, le informamos que puede dirigirse a la Agencia Espa\u00f1ola de Protecci\u00f3n de Datos (www.agpd.es) para obtener informaci\u00f3n adicional o para presentar una reclamaci\u00f3n, por ejemplo, si no has obtenido satisfacci\u00f3n en el ejercicio de tus derechos.<\/p>    <\/div>\n<\/div>\n<!-- \/module text -->        <\/div>\n                        <\/div>\n        <\/div>\n        <\/div>\n<!--\/themify_builder_content-->","protected":false},"excerpt":{"rendered":"<p>\u00bfQui\u00e9n es el Responsable del tratamiento de sus datos? Identidad: R DISSENY S.L. CIF: B 58607094 Dir. Postal: Pj. Bellaterra, \u00a0n\u00ba 32 &#8211; 08203 \u2013 Sabadell Tel\u00e9fono: 937270115 E-Mail: rgpd@rdisseny.com \u00bfCon qu\u00e9 finalidad tratamos sus datos personales? En R DISSENY S.L. tratamos sus datos con la finalidad principal de mantener nuestra agenda de contactos, Como [&hellip;]<\/p>\n","protected":false},"author":1,"featured_media":1098,"parent":1179,"menu_order":2,"comment_status":"closed","ping_status":"closed","template":"","meta":{"footnotes":""},"class_list":["post-1187","page","type-page","status-publish","has-post-thumbnail","hentry","has-post-title","has-post-date","has-post-category","has-post-tag","has-post-comment","has-post-author",""],"builder_content":"<h3>\u00bfQui\u00e9n es el Responsable del tratamiento de sus datos?<\/h3> <ul> <li>Identidad: R DISSENY S.L.<\/li> <li>CIF: B 58607094<\/li> <li>Dir. Postal: Pj. Bellaterra, \u00a0n\u00ba 32 - 08203 \u2013 Sabadell<\/li> <li>Tel\u00e9fono: 937270115<\/li> <li>E-Mail: rgpd@rdisseny.com<\/li> <\/ul> <h3>\u00bfCon qu\u00e9 finalidad tratamos sus datos personales?<\/h3> <p>En R DISSENY S.L. tratamos sus datos con la finalidad principal de mantener nuestra agenda de contactos,<\/p> <ol type=\\\"a\\\"> <li>Como persona de contacto para mantener relaciones con la entidad jur\u00eddica u organizaci\u00f3n en la que usted presta sus servicios.<\/li> <li>Como interesado que se ha puesto en contacto con nosotros consult\u00e1ndonos o solicit\u00e1ndonos alguna informaci\u00f3n, para poder atenderle<\/li> <li>Como persona de contacto para mantener relaciones directamente.<\/li> <\/ol> <p>Como finalidad adicional, en caso de que se le hubiera solicitado autorizaci\u00f3n y nos la hubiera concedido, trataremos sus datos para el env\u00edo de comunicaciones comerciales.<\/p> <h3>\u00bfPor cu\u00e1nto tiempo conservaremos sus datos?<\/h3> <p>Los datos personales proporcionados se conservar\u00e1n en la finalidad principal:<\/p> <ol type=\\\"a\\\"> <li>En caso de tratarse de una persona de contacto para mantener relaciones con la entidad jur\u00eddica u organizaci\u00f3n en la que usted presta sus servicios, se conservar\u00e1n mientras se mantenga nuestra relaci\u00f3n con dicha entidad jur\u00eddica u organizaci\u00f3n, y a salvo los plazos legales por las responsabilidades legales que pudieran derivarse de la relaci\u00f3n con la entidad jur\u00eddica u organizaci\u00f3n.<\/li> <li>En caso de interesado puesto en contacto con nosotros, hasta 6 meses despu\u00e9s de atender su requerimiento, por si se produjeran por su parte comunicaciones posteriores en referencia a dicha consulta o requerimiento de informaci\u00f3n.<\/li> <li>En caso de persona de contacto para mantener relaciones directamente, se conservar\u00e1n en tanto se mantenga la relaci\u00f3n y a salvo los plazos legales de conservaci\u00f3n.<\/li> <\/ol> <p>En la finalidad adicional de env\u00edo de comunicaciones comerciales, conservaremos sus datos en tanto no nos manifieste su oposici\u00f3n a continuar recibiendo nuestras comunicaciones.<\/p> <h3>Decisiones automatizadas, perfiles y l\u00f3gica aplicada:<\/h3> <p>La empresa NO tomar\u00e1 decisiones automatizadas.<\/p> <h3>\u00bfCu\u00e1l es la legitimaci\u00f3n para el tratamiento de sus datos?<\/h3> <p>La base legal para el tratamiento de sus datos en la finalidad principal de mantenimiento de agenda de contactos es<\/p> <ol type=\\\"a\\\"> <li>En caso de tratarse de una persona de contacto para mantener relaciones con la entidad jur\u00eddica u organizaci\u00f3n en la que usted presta sus servicios, es la satisfacci\u00f3n del inter\u00e9s leg\u00edtimo del responsable, de acuerdo a lo establecido en el art. 6.1.f del RGPD<\/li> <li>En caso de interesado puesto en contacto con nosotros, la base legal es la obtenci\u00f3n de su consentimiento.<\/li> <li>En caso de persona de contacto para mantener relaciones directamente, es la satisfacci\u00f3n del inter\u00e9s leg\u00edtimo del responsable, de acuerdo a lo establecido en el art. 6.1.f del RGPD.<\/li> <\/ol> <p>En la finalidad adicional de env\u00edo de comunicaciones comerciales, la base legal para el tratamiento de sus datos es la obtenci\u00f3n de su consentimiento.<\/p> <h3>\u00bfA qu\u00e9 destinatarios se comunicar\u00e1n sus datos?<\/h3> <p>Durante el periodo de duraci\u00f3n del tratamiento, R DISSENY S.L. no comunicar\u00e1 sus datos a terceros.<\/p> <p>En R DISSENY S.L. contaremos con la colaboraci\u00f3n de terceros prestadores de servicios que en cada caso hayamos podido contratar y que, para la prestaci\u00f3n de dicho servicio, puede ser necesario que tengan acceso a sus datos de car\u00e1cter personal, pero que los tratar\u00e1n con todas las garant\u00edas legales exigibles, siguiendo nuestras instrucciones y previa suscripci\u00f3n de un contrato de protecci\u00f3n de datos en las que exigimos, entre otras, tratar los datos exclusivamente para las finalidades pactadas, aplicar medidas t\u00e9cnicas y organizativas adecuadas, as\u00ed como suprimir y devolver los datos a la finalizaci\u00f3n del servicio.<\/p> <p>En R DISSENY S.L. seguimos unos criterios estrictos de selecci\u00f3n de terceros prestadores de servicios con el fin de dar cumplimiento a nuestras obligaciones e materia de protecci\u00f3n de datos.<\/p> <h3>\u00bfCu\u00e1les son sus derechos cuando nos facilita sus datos?<\/h3> <p>Cualquier persona tiene derecho a obtener confirmaci\u00f3n sobre si R DISSENY S.L. estamos tratando datos personales que le conciernan o<\/p> <p>Asimismo, tiene:<\/p> <ul> <li>Derecho a solicitar el acceso a sus datos personales.<\/li> <li>Derecho a solicitar su rectificaci\u00f3n<\/li> <li>Derecho a solicitar su supresi\u00f3n.<\/li> <li>Derecho a solicitar la limitaci\u00f3n de su tratamiento.<\/li> <li>Derecho a oponerse al tratamiento.<\/li> <li>Derecho a la portabilidad de los datos.<\/li> <li>Derecho a retirar el consentimiento prestado.<\/li> <li>Derecho de informaci\u00f3n<\/li> <li>Derecho a oponerse a ser objeto de decisiones individuales automatizadas<\/li> <\/ul> <p>Para ejercer sus derechos, dirija un escrito adjuntando copia de su DNI a:<\/p> <ul> <li>R DISSENY S.L.<\/li> <li>Ejercicio derechos protecci\u00f3n de datos<\/li> <li>Pj. Bellaterra, \u00a0n\u00ba 32<\/li> <li>\u00a008203 - Sabadell - BARCELONA<\/li> <\/ul> <p>, o bien remita un email a: rgpdl@rdisseny.com<\/p> <p>Asimismo, le informamos que puede dirigirse a la Agencia Espa\u00f1ola de Protecci\u00f3n de Datos (www.agpd.es) para obtener informaci\u00f3n adicional o para presentar una reclamaci\u00f3n, por ejemplo, si no has obtenido satisfacci\u00f3n en el ejercicio de tus derechos.<\/p>","_links":{"self":[{"href":"https:\/\/rdisseny.com\/es\/wp-json\/wp\/v2\/pages\/1187","targetHints":{"allow":["GET"]}}],"collection":[{"href":"https:\/\/rdisseny.com\/es\/wp-json\/wp\/v2\/pages"}],"about":[{"href":"https:\/\/rdisseny.com\/es\/wp-json\/wp\/v2\/types\/page"}],"author":[{"embeddable":true,"href":"https:\/\/rdisseny.com\/es\/wp-json\/wp\/v2\/users\/1"}],"replies":[{"embeddable":true,"href":"https:\/\/rdisseny.com\/es\/wp-json\/wp\/v2\/comments?post=1187"}],"version-history":[{"count":4,"href":"https:\/\/rdisseny.com\/es\/wp-json\/wp\/v2\/pages\/1187\/revisions"}],"predecessor-version":[{"id":1896,"href":"https:\/\/rdisseny.com\/es\/wp-json\/wp\/v2\/pages\/1187\/revisions\/1896"}],"up":[{"embeddable":true,"href":"https:\/\/rdisseny.com\/es\/wp-json\/wp\/v2\/pages\/1179"}],"wp:featuredmedia":[{"embeddable":true,"href":"https:\/\/rdisseny.com\/es\/wp-json\/wp\/v2\/media\/1098"}],"wp:attachment":[{"href":"https:\/\/rdisseny.com\/es\/wp-json\/wp\/v2\/media?parent=1187"}],"curies":[{"name":"wp","href":"https:\/\/api.w.org\/{rel}","templated":true}]}}